{"id":21,"date":"2020-11-14T15:08:05","date_gmt":"2020-11-14T14:08:05","guid":{"rendered":"http:\/\/adwokatmaciejduda.pl\/?page_id=21"},"modified":"2020-11-15T14:45:01","modified_gmt":"2020-11-15T13:45:01","slug":"rodo","status":"publish","type":"page","link":"https:\/\/adwokatduda.com\/index.php\/rodo\/","title":{"rendered":"Rodo"},"content":{"rendered":"\n<p><strong>Klauzula&nbsp;informacyjna<\/strong><\/p>\n\n\n\n<p>W zwi\u0105zku z rozpocz\u0119ciem stosowania z dniem 25 maja 2018 Rozporz\u0105dzenia Parlamentu Europejskiego i Rady (UE) 2016\/679 w sprawie ochrony os\u00f3b fizycznych w zwi\u0105zku z przetwarzaniem danych osobowych i w sprawie swobodnego przep\u0142ywu takich danych oraz uchylenia dyrektywy 95\/46\/WE \u2013 zwane dalej&nbsp;RODO, informujemy, \u017ce:<\/p>\n\n\n\n<ol><li>Administratorem Pani\/Pana danych osobowych jest Kancelaria adwokacka adwokat \u0141ukasz Duda&nbsp;z siedzib\u0105 w Miliczu przy ul.&nbsp;Rynek 18, 56-300 Milicz<\/li><li>Z Administratorem mo\u017cna skontaktowa\u0107 si\u0119 pod podanym powy\u017cej adresem, a tak\u017ce drog\u0105 e-mailow\u0105 na adres:<a href=\"https:\/\/poczta.wp.pl\/k\/#\">lukaszduda81@o2.pl<\/a>&nbsp;oraz telefonicznie .&nbsp;<\/li><li>Administrator przetwarza Pani\/Pana dane osobowe w nast\u0119puj\u0105cych celach:<ol type=\"a\"><li>podj\u0119cia dzia\u0142a\u0144 zmierzaj\u0105cych do zawarcia umowy takich jak z\u0142o\u017cenie oferty, korespondencja w sprawie uzgodnienia warunk\u00f3w umowy itp. (podstawa prawna: art. 6 ust. 1 lit. b)&nbsp;RODO)<\/li><li>realizacji um\u00f3w zawieranych z Administratorem, co oznacza m.in. kontakt telefoniczny i e-mailowy, przesy\u0142anie dokument\u00f3w zwi\u0105zanych z us\u0142ugami prawnymi, itp. (podstawa prawna: art. 6 ust. 1 lit. b)&nbsp;RODO)<\/li><li>wykonania ci\u0105\u017c\u0105cych na Administratorze obowi\u0105zk\u00f3w prawnych np. wystawienie faktury, przechowywania dokumentacji ksi\u0119gowej, itp.<\/li><li>w celu oferowania przez Administratora produkt\u00f3w i us\u0142ug bezpo\u015brednio (marketing bezpo\u015bredni), w tym dobierania ich pod k\u0105tem Pani\/Pana potrzeb (podstawa prawna: art. 6 ust. 1 lit. f&nbsp;RODO);<\/li><li>w celu badania satysfakcji klient\u00f3w b\u0119d\u0105cego realizacj\u0105 prawnie uzasadnionego interesu Administratora, okre\u015blania jako\u015bci obs\u0142ugi oraz poziomu zadowolenia klient\u00f3w Administratora z&nbsp;oferowanych produkt\u00f3w i us\u0142ug (podstawa prawna: art. 6 ust. 1 lit. f&nbsp;RODO);<\/li><li>wewn\u0119trznych cel\u00f3w administracyjnych Administratora, w tym w celach analitycznych i statystycznych (lepszego doboru us\u0142ug do potrzeb klient\u00f3w, og\u00f3lnej optymalizacji produkt\u00f3w, optymalizacji proces\u00f3w obs\u0142ugi, budowania wiedzy o klientach, analizy finansowej itp.) b\u0119d\u0105cego realizacj\u0105 prawnie uzasadnionego interesu Administratora (podstawa prawna: art. 6 ust. 1 lit. f&nbsp;RODO);<\/li><li>w celu ewentualnego ustalenia, dochodzenia lub obrony przed roszczeniami b\u0119d\u0105cego realizacj\u0105 prawnie uzasadnionego interesu Administratora (podstawa prawna: art. 6 ust. 1 lit. f&nbsp;RODO);<\/li><li>w celach archiwalnych (dowodowych) b\u0119d\u0105cych realizacj\u0105 prawnie uzasadnionego interesu Administratora zabezpieczenia informacji na wypadek prawnej potrzeby wykazania fakt\u00f3w (podstawa prawna: art. 6 ust. 1 lit. f&nbsp;RODO);<\/li><\/ol><\/li><li>Pani\/Pana dane osobowe b\u0119d\u0105 przetwarzane przez okres niezb\u0119dny do realizacji cel\u00f3w przetwarzania, wymienionych w pkt. 4:<ol type=\"a\"><li>w odniesieniu do zawarcia i realizacji umowy, ustalenia, dochodzenia lub obrony przed roszczeniami \u2013 do czasu zako\u0144czenia jej realizacji, a po tym czasie przez okres wymagany przez przepisy prawa lub dla zabezpieczenia ewentualnych roszcze\u0144 (tj. najd\u0142u\u017cszy mo\u017cliwy okres przedawnienia roszcze\u0144 wynikaj\u0105cych z tej umowy + 1 rok od ko\u0144ca roku, w kt\u00f3rym umowa wygas\u0142a \u2013 dodatkowy termin 1 roku wprowadzony jest na wypadek zg\u0142oszenia roszcze\u0144 tu\u017c przed up\u0142ywem terminu przedawnienia i celem ujednolicenia daty usuni\u0119cia danych dla um\u00f3w wygasaj\u0105cych w danym roku;<\/li><li>je\u015bli nie dojdzie do zawarcia umowy w oparciu o z\u0142o\u017con\u0105 Pani\/Panu ofert\u0119 w terminie 2 miesi\u0119cy, dane osobowe zwi\u0105zane z t\u0105 ofert\u0105 zostan\u0105 niezw\u0142ocznie usuni\u0119te z wyj\u0105tkiem danych potrzebnych do prowadzenia marketingu bezpo\u015bredniego;<\/li><li>w odniesieniu do danych przetwarzanych w celu wykonania obowi\u0105zk\u00f3w prawnych \u2013 przez czas, w kt\u00f3rym przepisy nakazuj\u0105 Administratorowi przechowywa\u0107 dane, ale nie kt\u00f3rej ni\u017c przez okres, w kt\u00f3rym Administrator mo\u017ce ponie\u015b\u0107 konsekwencje prawne niewykonania obowi\u0105zku prawnego;<\/li><li>w odniesieniu do danych przetwarzanych dla potrzeb marketingu bezpo\u015bredniego \u2013 do momentu zg\u0142oszenia sprzeciwu wobec ich przetwarzania w tym celu lub do momentu ustalenia, \u017ce dane si\u0119 dezaktualizowa\u0142y;<\/li><li>w odniesieniu do wewn\u0119trznych cel\u00f3w administracyjnych, do cel\u00f3w archiwalnych oraz badania satysfakcji klient\u00f3w \u2013 do czasu wype\u0142nienia prawnie uzasadnionych interes\u00f3w Administratora stanowi\u0105cych podstaw\u0119 przetwarzania danych lub do czasu wniesienia przez Pana\/Pani\u0105 sprzeciwu wobec takiego przetwarzania.<\/li><\/ol><\/li><li>W sytuacjach, gdy przetwarzanie danych odbywa si\u0119 w oparciu o wyra\u017con\u0105 przez Pani\u0105\/Pana zgod\u0105 na przetwarzanie danych, przys\u0142uguje Pani\/Panu prawo do cofni\u0119cia tej zgody w dowolnym momencie, ale przetwarzanie danych przed cofni\u0119ciem zgody pozostanie zgodne z prawem.&nbsp;<em>Wycofanie zgody mo\u017ce nast\u0105pi\u0107 drog\u0105 telefoniczn\u0105, e-mailow\u0105 lub pocztow\u0105 na adres wskazany w pkt. 2.<\/em><\/li><li>W ka\u017cdej chwili przys\u0142uguje Pani\/Panu prawo do wniesienia sprzeciwu wobec przetwarzania Pani\/Pana danych przetwarzanych w celach wskazanych w pkt. 4 lit. d-h. Administrator przestanie przetwarza\u0107 Pani\/Pana dane w tych celach, chyba \u017ce b\u0119dziemy w stanie wykaza\u0107, \u017ce w stosunku do Pani\/Pana danych istniej\u0105 dla nas wa\u017cne prawnie uzasadnione podstawy, kt\u00f3re s\u0105 nadrz\u0119dne wobec Pani\/Pana interes\u00f3w, praw i wolno\u015bci lub Pani\/Pana dane b\u0119d\u0105 nam niezb\u0119dne do ewentualnego ustalenia, dochodzenia lub obrony roszcze\u0144.<\/li><li>W ka\u017cdej chwili przys\u0142uguje Pani\/Panu prawo do wniesienia sprzeciwu wobec przetwarzania Pani\/Pana danych w celu prowadzenia marketingu bezpo\u015bredniego (pkt. 4 lit. c i d). Je\u017celi skorzysta Pani\/Pan z tego prawa \u2013 Administrator zaprzestanie przetwarzania danych w tym celu.<\/li><li>W zwi\u0105zku z przetwarzaniem przez Administratora Pani\/Pana danych osobowych ma Pani\/Pan prawo do:<ol type=\"a\"><li>dost\u0119pu do tre\u015bci danych oraz otrzymania ich kopii,<\/li><li>sprostowania danych,<\/li><li>usuni\u0119cia danych (\u201eprawo do bycia zapomnianym\u201d), w przypadkach okre\u015blonych w art. 17&nbsp;RODO,<\/li><li>ograniczenia przetwarzania danych<\/li><li>wniesienia sprzeciwu wobec przetwarzania danych,<\/li><li>przenoszenia danych.<\/li><\/ol><\/li><li>Do Pani\/Pana danych osobowych mog\u0105 mie\u0107 te\u017c dost\u0119p nasi podwykonawcy (podmioty przetwarzaj\u0105ce), np. firmy ksi\u0119gowe, informatyczne, likwidatorzy szk\u00f3d, podwykonawcy wspieraj\u0105cy Administratora w wykonywaniu us\u0142ug prawnych np. radcom prawnym, doradcom finansowym itp.<\/li><li>Je\u015bli uzna Pani\/Pan, \u017ce przetwarzanie przez Administratora danych narusza przepisy&nbsp;RODO, przys\u0142uguje Pani\/Panu prawo wniesienia skargi do organu nadzorczego (do dnia 25.05.2018 r. b\u0119dzie to Generalny Inspektor Ochrony Danych Osobowych, po tej dajcie organ b\u0119d\u0105cy jego nast\u0119pc\u0105).<\/li><li>W zakresie, w jakim przetwarzanie Pani\/Pana danych osobowych nast\u0119puje w celu zawarcia i realizacji umowy z Administratorem, podanie przez Pani\u0105\/Pana danych jest warunkiem zawarcia tej umowy. Podanie danych ma charakter dobrowolny, ale w razie ich niepodania zawarcie i realizacja umowy b\u0119dzie niemo\u017cliwa.<\/li><\/ol>\n","protected":false},"excerpt":{"rendered":"<p>Klauzula&nbsp;informacyjna W zwi\u0105zku z rozpocz\u0119ciem stosowania z dniem 25 maja 2018 Rozporz\u0105dzenia Parlamentu Europejskiego i Rady (UE) 2016\/679 w sprawie ochrony os\u00f3b fizycznych w zwi\u0105zku z przetwarzaniem danych osobowych i w sprawie swobodnego przep\u0142ywu takich danych oraz uchylenia dyrektywy 95\/46\/WE \u2013 zwane dalej&nbsp;RODO, informujemy, \u017ce: Administratorem Pani\/Pana danych osobowych jest Kancelaria adwokacka adwokat \u0141ukasz Duda&nbsp;z&#8230;<\/p>\n","protected":false},"author":1,"featured_media":0,"parent":0,"menu_order":0,"comment_status":"closed","ping_status":"closed","template":"","meta":[],"_links":{"self":[{"href":"https:\/\/adwokatduda.com\/index.php\/wp-json\/wp\/v2\/pages\/21"}],"collection":[{"href":"https:\/\/adwokatduda.com\/index.php\/wp-json\/wp\/v2\/pages"}],"about":[{"href":"https:\/\/adwokatduda.com\/index.php\/wp-json\/wp\/v2\/types\/page"}],"author":[{"embeddable":true,"href":"https:\/\/adwokatduda.com\/index.php\/wp-json\/wp\/v2\/users\/1"}],"replies":[{"embeddable":true,"href":"https:\/\/adwokatduda.com\/index.php\/wp-json\/wp\/v2\/comments?post=21"}],"version-history":[{"count":2,"href":"https:\/\/adwokatduda.com\/index.php\/wp-json\/wp\/v2\/pages\/21\/revisions"}],"predecessor-version":[{"id":40,"href":"https:\/\/adwokatduda.com\/index.php\/wp-json\/wp\/v2\/pages\/21\/revisions\/40"}],"wp:attachment":[{"href":"https:\/\/adwokatduda.com\/index.php\/wp-json\/wp\/v2\/media?parent=21"}],"curies":[{"name":"wp","href":"https:\/\/api.w.org\/{rel}","templated":true}]}}