{"id":23,"date":"2020-11-14T15:10:35","date_gmt":"2020-11-14T14:10:35","guid":{"rendered":"http:\/\/adwokatmaciejduda.pl\/?page_id=23"},"modified":"2023-01-02T12:14:53","modified_gmt":"2023-01-02T11:14:53","slug":"start","status":"publish","type":"page","link":"https:\/\/adwokatduda.com\/","title":{"rendered":""},"content":{"rendered":"\n<h3 class=\"has-text-align-center\" id=\"cta-heading\">KANCELARIA ADWOKACKA ADWOKAT \u0141UKASZ DUDA<\/h3>\n\n\n\n<p class=\"has-text-align-center has-cyan-bluish-gray-color has-text-color\">Profesjonalizm, zaanga\u017cowanie oraz wysoka satysfakcja klienta.<\/p>\n\n\n\n<p> <\/p>\n\n\n\n<p style=\"text-align:justify;\">Adwokat \u0141ukasz Duda &#8211; nr wpisu 988, od 2009 roku cz\u0142onek Izby Adwokackiej we Wroc\u0142awiu. W 2005 roku uko\u0144czy\u0142 studia magisterskie na Wydziale Prawa, Administracji i Ekonomii Uniwersytetu Wroc\u0142awskiego, na kierunku Prawo. W 2006 roku zda\u0142 egzamin na aplikacj\u0119 adwokack\u0105. W 2008 roku uko\u0144czy\u0142 studia I stopnia licencjackie na Wydziale Nauk Spo\u0142ecznych Wy\u017cszej Szko\u0142y Zarz\u0105dzania i Finans\u00f3w we Wroc\u0142awiu, kierunek Politologia. W 2009 roku uko\u0144czy\u0142 studia podyplomowe na Wydziale Ekonomiczno-Spo\u0142ecznym Uniwersytetu Przyrodniczego w Poznaniu, kierunek Wsp\u00f3lna Polityka Rolna Unii Europejskiej. Natomiast w 2011 roku uko\u0144czy\u0142 studia II stopnia magisterskie na kierunku Politologia na Wydziale Administracji Wy\u017cszej Szko\u0142y Zarz\u0105dzania i Bankowo\u015bci w Poznaniu, Filia we Wroc\u0142awiu. W latach 2009-2012 odby\u0142 i zako\u0144czy\u0142 aplikacj\u0119 adwokack\u0105 w Okr\u0119gowej Radzie Adwokackiej we Wroc\u0142awiu. Patronem by\u0142a adwokat Alina Lubczy\u0144ska. W 2012 roku zda\u0142 egzamin adwokacki. Absolwent studi\u00f3w podyplomowych Kryminalistyki Uniwersytetu Wroc\u0142awskiego (2016-2017). Od 2005 roku zwi\u0105zany z bran\u017c\u0105 prawnicz\u0105. Prywatnie adw. \u0141ukasz Duda jest autorem ksi\u0105\u017cki (eseju): <a href=\"https:\/\/oceanksiazek.pl\/pl\/p\/Czlowiek-zwyczajny-wobec-Boga.-Esej-o-sprawach-podstawowych\/3368 \">Cz\u0142owiek zwyczajny wobec Boga<\/a><\/p>\n","protected":false},"excerpt":{"rendered":"<p>KANCELARIA ADWOKACKA ADWOKAT \u0141UKASZ DUDA Profesjonalizm, zaanga\u017cowanie oraz wysoka satysfakcja klienta. Adwokat \u0141ukasz Duda &#8211; nr wpisu 988, od 2009 roku cz\u0142onek Izby Adwokackiej we Wroc\u0142awiu. W 2005 roku uko\u0144czy\u0142 studia magisterskie na Wydziale Prawa, Administracji i Ekonomii Uniwersytetu Wroc\u0142awskiego, na kierunku Prawo. W 2006 roku zda\u0142 egzamin na aplikacj\u0119 adwokack\u0105. W 2008 roku uko\u0144czy\u0142&#8230;<\/p>\n","protected":false},"author":1,"featured_media":0,"parent":0,"menu_order":0,"comment_status":"closed","ping_status":"closed","template":"","meta":[],"_links":{"self":[{"href":"https:\/\/adwokatduda.com\/index.php\/wp-json\/wp\/v2\/pages\/23"}],"collection":[{"href":"https:\/\/adwokatduda.com\/index.php\/wp-json\/wp\/v2\/pages"}],"about":[{"href":"https:\/\/adwokatduda.com\/index.php\/wp-json\/wp\/v2\/types\/page"}],"author":[{"embeddable":true,"href":"https:\/\/adwokatduda.com\/index.php\/wp-json\/wp\/v2\/users\/1"}],"replies":[{"embeddable":true,"href":"https:\/\/adwokatduda.com\/index.php\/wp-json\/wp\/v2\/comments?post=23"}],"version-history":[{"count":10,"href":"https:\/\/adwokatduda.com\/index.php\/wp-json\/wp\/v2\/pages\/23\/revisions"}],"predecessor-version":[{"id":56,"href":"https:\/\/adwokatduda.com\/index.php\/wp-json\/wp\/v2\/pages\/23\/revisions\/56"}],"wp:attachment":[{"href":"https:\/\/adwokatduda.com\/index.php\/wp-json\/wp\/v2\/media?parent=23"}],"curies":[{"name":"wp","href":"https:\/\/api.w.org\/{rel}","templated":true}]}}